{"id":356,"date":"2025-12-04T00:15:40","date_gmt":"2025-12-03T23:15:40","guid":{"rendered":"https:\/\/verosafe-detektyw.pl\/?page_id=356"},"modified":"2025-12-17T16:43:54","modified_gmt":"2025-12-17T15:43:54","slug":"wspolpraca","status":"publish","type":"page","link":"https:\/\/verosafe-detektyw.pl\/?page_id=356","title":{"rendered":"Wsp\u00f3\u0142praca"},"content":{"rendered":"\t\t<div data-elementor-type=\"wp-page\" data-elementor-id=\"356\" class=\"elementor elementor-356\" data-elementor-post-type=\"page\">\n\t\t\t\t<div class=\"elementor-element elementor-element-5a79939 e-con-full e-flex wpr-particle-no wpr-jarallax-no wpr-parallax-no wpr-sticky-section-no e-con e-parent\" data-id=\"5a79939\" data-element_type=\"container\">\n\t\t<div class=\"elementor-element elementor-element-df50689 elementor-hidden-mobile e-con-full e-flex wpr-particle-no wpr-jarallax-no wpr-parallax-no wpr-sticky-section-no e-con e-child\" data-id=\"df50689\" data-element_type=\"container\">\n\t\t<div class=\"elementor-element elementor-element-321e316 e-con-full e-flex wpr-particle-no wpr-jarallax-no wpr-parallax-no wpr-sticky-section-no e-con e-child\" data-id=\"321e316\" data-element_type=\"container\" data-settings=\"{&quot;background_background&quot;:&quot;classic&quot;}\">\n\t\t\t\t<\/div>\n\t\t<div class=\"elementor-element elementor-element-167d21f e-con-full e-flex wpr-particle-no wpr-jarallax-no wpr-parallax-no wpr-sticky-section-no e-con e-child\" data-id=\"167d21f\" data-element_type=\"container\" data-settings=\"{&quot;background_background&quot;:&quot;classic&quot;}\">\n\t\t\t\t<div class=\"elementor-element elementor-element-2c45981 elementor-widget elementor-widget-image\" data-id=\"2c45981\" data-element_type=\"widget\" data-widget_type=\"image.default\">\n\t\t\t\t\t\t\t\t\t\t\t\t\t\t\t<img fetchpriority=\"high\" decoding=\"async\" width=\"512\" height=\"512\" src=\"https:\/\/verosafe-detektyw.pl\/wp-content\/uploads\/2025\/11\/cropped-Gemini_Generated_Image_pr4effpr4effpr4e.jpg\" class=\"attachment-large size-large wp-image-92\" alt=\"\" srcset=\"https:\/\/verosafe-detektyw.pl\/wp-content\/uploads\/2025\/11\/cropped-Gemini_Generated_Image_pr4effpr4effpr4e.jpg 512w, https:\/\/verosafe-detektyw.pl\/wp-content\/uploads\/2025\/11\/cropped-Gemini_Generated_Image_pr4effpr4effpr4e-300x300.jpg 300w, https:\/\/verosafe-detektyw.pl\/wp-content\/uploads\/2025\/11\/cropped-Gemini_Generated_Image_pr4effpr4effpr4e-150x150.jpg 150w, https:\/\/verosafe-detektyw.pl\/wp-content\/uploads\/2025\/11\/cropped-Gemini_Generated_Image_pr4effpr4effpr4e-270x270.jpg 270w, https:\/\/verosafe-detektyw.pl\/wp-content\/uploads\/2025\/11\/cropped-Gemini_Generated_Image_pr4effpr4effpr4e-192x192.jpg 192w, https:\/\/verosafe-detektyw.pl\/wp-content\/uploads\/2025\/11\/cropped-Gemini_Generated_Image_pr4effpr4effpr4e-180x180.jpg 180w, https:\/\/verosafe-detektyw.pl\/wp-content\/uploads\/2025\/11\/cropped-Gemini_Generated_Image_pr4effpr4effpr4e-32x32.jpg 32w\" sizes=\"(max-width: 512px) 100vw, 512px\" \/>\t\t\t\t\t\t\t\t\t\t\t\t\t\t\t<\/div>\n\t\t\t\t<div class=\"elementor-element elementor-element-79ae908 elementor-widget elementor-widget-heading\" data-id=\"79ae908\" data-element_type=\"widget\" data-widget_type=\"heading.default\">\n\t\t\t\t\t<h2 class=\"elementor-heading-title elementor-size-default\">Wsp\u00f3\u0142praca buduje warto\u015b\u0107.<\/h2>\t\t\t\t<\/div>\n\t\t\t\t<div class=\"elementor-element elementor-element-aa1d2a4 elementor-widget elementor-widget-text-editor\" data-id=\"aa1d2a4\" data-element_type=\"widget\" data-widget_type=\"text-editor.default\">\n\t\t\t\t\t\t\t\t\t<p>Biuro Detektywistyczne <strong>VeroSafe<\/strong> z przyjemno\u015bci\u0105 nawi\u0105zuje wsp\u00f3\u0142prac\u0119 z nowymi podmiotami, dla kt\u00f3rych liczy si\u0119 profesjonalizm, rzetelno\u015b\u0107 i dyskrecja. Jeste\u015bmy otwarci na kooperacj\u0119 z firmami, instytucjami, specjalistami oraz organizacjami, kt\u00f3re chc\u0105 wzajemnie uzupe\u0142nia\u0107 swoje dzia\u0142ania i podnosi\u0107 jako\u015b\u0107 \u015bwiadczonych us\u0142ug. Wierzymy, \u017ce dobrze dobrani partnerzy to wi\u0119ksza skuteczno\u015b\u0107 i szersze mo\u017cliwo\u015bci wsparcia naszych klient\u00f3w.<\/p>\t\t\t\t\t\t\t\t<\/div>\n\t\t\t\t<div class=\"elementor-element elementor-element-086151b elementor-widget elementor-widget-spacer\" data-id=\"086151b\" data-element_type=\"widget\" data-widget_type=\"spacer.default\">\n\t\t\t\t\t\t\t<div class=\"elementor-spacer\">\n\t\t\t<div class=\"elementor-spacer-inner\"><\/div>\n\t\t<\/div>\n\t\t\t\t\t\t<\/div>\n\t\t\t\t<\/div>\n\t\t\t\t<\/div>\n\t\t\t\t<\/div>\n\t\t<div class=\"elementor-element elementor-element-448cda6 e-con-full e-flex wpr-particle-no wpr-jarallax-no wpr-parallax-no wpr-sticky-section-no e-con e-parent\" data-id=\"448cda6\" data-element_type=\"container\">\n\t\t<div class=\"elementor-element elementor-element-90fc6be e-con-full e-flex wpr-particle-no wpr-jarallax-no wpr-parallax-no wpr-sticky-section-no e-con e-child\" data-id=\"90fc6be\" data-element_type=\"container\">\n\t\t<div class=\"elementor-element elementor-element-0576336 e-con-full e-flex wpr-particle-no wpr-parallax-no wpr-sticky-section-no e-con e-child\" data-id=\"0576336\" data-element_type=\"container\" data-settings=\"{&quot;background_background&quot;:&quot;classic&quot;}\">\n\t\t\t\t<div class=\"elementor-element elementor-element-2970637 elementor-widget-divider--view-line elementor-widget elementor-widget-divider\" data-id=\"2970637\" data-element_type=\"widget\" data-widget_type=\"divider.default\">\n\t\t\t\t\t\t\t<div class=\"elementor-divider\">\n\t\t\t<span class=\"elementor-divider-separator\">\n\t\t\t\t\t\t<\/span>\n\t\t<\/div>\n\t\t\t\t\t\t<\/div>\n\t\t\t\t<div class=\"elementor-element elementor-element-145e247 elementor-widget elementor-widget-heading\" data-id=\"145e247\" data-element_type=\"widget\" data-widget_type=\"heading.default\">\n\t\t\t\t\t<h2 class=\"elementor-heading-title elementor-size-default\">Nie zwlekaj! Skontaktuj si\u0119 z nami ju\u017c teraz!<\/h2>\t\t\t\t<\/div>\n\t\t\t\t<div class=\"elementor-element elementor-element-767f289 wpr-button-icon-style-inline wpr-button-icon-position-right elementor-widget elementor-widget-wpr-button\" data-id=\"767f289\" data-element_type=\"widget\" data-widget_type=\"wpr-button.default\">\n\t\t\t\t\t\t\n\t\t\t\n\t\t\n\t\t<div class=\"wpr-button-wrap elementor-clearfix\">\n\t\t<a class=\"wpr-button wpr-button-effect wpr-button-none\" data-text=\"\" href=\"#link\">\n\t\t\t\n\t\t\t<span class=\"wpr-button-content\">\n\t\t\t\t\t\t\t\t\t<span class=\"wpr-button-text\">kontakt -&gt;<\/span>\n\t\t\t\t\t\t\t\t\n\t\t\t\t\t\t\t<\/span>\n\t\t<\/a>\n\n\t\t\t\t<\/div>\n\t\n\t\n\t\t\t\t\t<\/div>\n\t\t\t\t<\/div>\n\t\t\t\t<\/div>\n\t\t\t\t<\/div>\n\t\t<div class=\"elementor-element elementor-element-102b5c6 e-con-full e-flex wpr-particle-no wpr-jarallax-no wpr-parallax-no wpr-sticky-section-no e-con e-parent\" data-id=\"102b5c6\" data-element_type=\"container\">\n\t\t<div class=\"elementor-element elementor-element-426e9ed e-con-full e-flex wpr-particle-no wpr-jarallax-no wpr-parallax-no wpr-sticky-section-no e-con e-child\" data-id=\"426e9ed\" data-element_type=\"container\">\n\t\t<div class=\"elementor-element elementor-element-5eb155a e-con-full e-flex wpr-particle-no wpr-jarallax-no wpr-parallax-no wpr-sticky-section-no e-con e-child\" data-id=\"5eb155a\" data-element_type=\"container\">\n\t\t<div class=\"elementor-element elementor-element-21e00c7 e-con-full e-flex wpr-particle-no wpr-jarallax-no wpr-parallax-no wpr-sticky-section-no e-con e-child\" data-id=\"21e00c7\" data-element_type=\"container\">\n\t\t\t\t<div class=\"elementor-element elementor-element-c301bd7 elementor-widget elementor-widget-spacer\" data-id=\"c301bd7\" data-element_type=\"widget\" data-widget_type=\"spacer.default\">\n\t\t\t\t\t\t\t<div class=\"elementor-spacer\">\n\t\t\t<div class=\"elementor-spacer-inner\"><\/div>\n\t\t<\/div>\n\t\t\t\t\t\t<\/div>\n\t\t\t\t<div class=\"elementor-element elementor-element-763b352 elementor-view-default elementor-widget elementor-widget-icon\" data-id=\"763b352\" data-element_type=\"widget\" data-widget_type=\"icon.default\">\n\t\t\t\t\t\t\t<div class=\"elementor-icon-wrapper\">\n\t\t\t<div class=\"elementor-icon\">\n\t\t\t<svg aria-hidden=\"true\" class=\"e-font-icon-svg e-fas-mobile-alt\" viewBox=\"0 0 320 512\" xmlns=\"http:\/\/www.w3.org\/2000\/svg\"><path d=\"M272 0H48C21.5 0 0 21.5 0 48v416c0 26.5 21.5 48 48 48h224c26.5 0 48-21.5 48-48V48c0-26.5-21.5-48-48-48zM160 480c-17.7 0-32-14.3-32-32s14.3-32 32-32 32 14.3 32 32-14.3 32-32 32zm112-108c0 6.6-5.4 12-12 12H60c-6.6 0-12-5.4-12-12V60c0-6.6 5.4-12 12-12h200c6.6 0 12 5.4 12 12v312z\"><\/path><\/svg>\t\t\t<\/div>\n\t\t<\/div>\n\t\t\t\t\t\t<\/div>\n\t\t\t\t<div class=\"elementor-element elementor-element-83326e6 elementor-widget elementor-widget-heading\" data-id=\"83326e6\" data-element_type=\"widget\" data-widget_type=\"heading.default\">\n\t\t\t\t\t<h2 class=\"elementor-heading-title elementor-size-default\">+48 731 733 073 <\/h2>\t\t\t\t<\/div>\n\t\t\t\t<\/div>\n\t\t<div class=\"elementor-element elementor-element-377fdd8 e-con-full e-flex wpr-particle-no wpr-jarallax-no wpr-parallax-no wpr-sticky-section-no e-con e-child\" data-id=\"377fdd8\" data-element_type=\"container\">\n\t\t\t\t<div class=\"elementor-element elementor-element-9b61e25 elementor-widget elementor-widget-spacer\" data-id=\"9b61e25\" data-element_type=\"widget\" data-widget_type=\"spacer.default\">\n\t\t\t\t\t\t\t<div class=\"elementor-spacer\">\n\t\t\t<div class=\"elementor-spacer-inner\"><\/div>\n\t\t<\/div>\n\t\t\t\t\t\t<\/div>\n\t\t\t\t<div class=\"elementor-element elementor-element-e737de9 elementor-view-default elementor-widget elementor-widget-icon\" data-id=\"e737de9\" data-element_type=\"widget\" data-widget_type=\"icon.default\">\n\t\t\t\t\t\t\t<div class=\"elementor-icon-wrapper\">\n\t\t\t<div class=\"elementor-icon\">\n\t\t\t<svg aria-hidden=\"true\" class=\"e-font-icon-svg e-fas-mail-bulk\" viewBox=\"0 0 576 512\" xmlns=\"http:\/\/www.w3.org\/2000\/svg\"><path d=\"M160 448c-25.6 0-51.2-22.4-64-32-64-44.8-83.2-60.8-96-70.4V480c0 17.67 14.33 32 32 32h256c17.67 0 32-14.33 32-32V345.6c-12.8 9.6-32 25.6-96 70.4-12.8 9.6-38.4 32-64 32zm128-192H32c-17.67 0-32 14.33-32 32v16c25.6 19.2 22.4 19.2 115.2 86.4 9.6 6.4 28.8 25.6 44.8 25.6s35.2-19.2 44.8-22.4c92.8-67.2 89.6-67.2 115.2-86.4V288c0-17.67-14.33-32-32-32zm256-96H224c-17.67 0-32 14.33-32 32v32h96c33.21 0 60.59 25.42 63.71 57.82l.29-.22V416h192c17.67 0 32-14.33 32-32V192c0-17.67-14.33-32-32-32zm-32 128h-64v-64h64v64zm-352-96c0-35.29 28.71-64 64-64h224V32c0-17.67-14.33-32-32-32H96C78.33 0 64 14.33 64 32v192h96v-32z\"><\/path><\/svg>\t\t\t<\/div>\n\t\t<\/div>\n\t\t\t\t\t\t<\/div>\n\t\t\t\t<div class=\"elementor-element elementor-element-dcee734 elementor-widget elementor-widget-heading\" data-id=\"dcee734\" data-element_type=\"widget\" data-widget_type=\"heading.default\">\n\t\t\t\t\t<h2 class=\"elementor-heading-title elementor-size-default\"><a href=\"mailto:kontakt@verosafe-detektyw.pl\">kontakt@verosafe-detektyw.pl<\/a><\/h2>\t\t\t\t<\/div>\n\t\t\t\t<\/div>\n\t\t<div class=\"elementor-element elementor-element-eef2fba e-con-full e-flex wpr-particle-no wpr-jarallax-no wpr-parallax-no wpr-sticky-section-no e-con e-child\" data-id=\"eef2fba\" data-element_type=\"container\">\n\t\t\t\t<div class=\"elementor-element elementor-element-a304832 elementor-widget elementor-widget-spacer\" data-id=\"a304832\" data-element_type=\"widget\" data-widget_type=\"spacer.default\">\n\t\t\t\t\t\t\t<div class=\"elementor-spacer\">\n\t\t\t<div class=\"elementor-spacer-inner\"><\/div>\n\t\t<\/div>\n\t\t\t\t\t\t<\/div>\n\t\t\t\t<div class=\"elementor-element elementor-element-8e3c818 elementor-view-default elementor-widget elementor-widget-icon\" data-id=\"8e3c818\" data-element_type=\"widget\" data-widget_type=\"icon.default\">\n\t\t\t\t\t\t\t<div class=\"elementor-icon-wrapper\">\n\t\t\t<div class=\"elementor-icon\">\n\t\t\t<svg aria-hidden=\"true\" class=\"e-font-icon-svg e-fas-location-arrow\" viewBox=\"0 0 512 512\" xmlns=\"http:\/\/www.w3.org\/2000\/svg\"><path d=\"M444.52 3.52L28.74 195.42c-47.97 22.39-31.98 92.75 19.19 92.75h175.91v175.91c0 51.17 70.36 67.17 92.75 19.19l191.9-415.78c15.99-38.39-25.59-79.97-63.97-63.97z\"><\/path><\/svg>\t\t\t<\/div>\n\t\t<\/div>\n\t\t\t\t\t\t<\/div>\n\t\t\t\t<div class=\"elementor-element elementor-element-ec384f8 elementor-widget elementor-widget-heading\" data-id=\"ec384f8\" data-element_type=\"widget\" data-widget_type=\"heading.default\">\n\t\t\t\t\t<h2 class=\"elementor-heading-title elementor-size-default\">BIURO DETEKTYWISTYCZNE ''VEROSAFE''<br>ul. Ksi\u0119cia Witolda 49 lok. 15<br>50-202 Wroc\u0142aw <\/h2>\t\t\t\t<\/div>\n\t\t\t\t<div class=\"elementor-element elementor-element-bad8bdb elementor-widget elementor-widget-spacer\" data-id=\"bad8bdb\" data-element_type=\"widget\" data-widget_type=\"spacer.default\">\n\t\t\t\t\t\t\t<div class=\"elementor-spacer\">\n\t\t\t<div class=\"elementor-spacer-inner\"><\/div>\n\t\t<\/div>\n\t\t\t\t\t\t<\/div>\n\t\t\t\t<\/div>\n\t\t\t\t<\/div>\n\t\t\t\t<\/div>\n\t\t\t\t<\/div>\n\t\t<div class=\"elementor-element elementor-element-d1b63c8 e-con-full e-flex wpr-particle-no wpr-jarallax-no wpr-parallax-no wpr-sticky-section-no e-con e-parent\" data-id=\"d1b63c8\" data-element_type=\"container\">\n\t\t<div class=\"elementor-element elementor-element-181c306 e-con-full e-flex wpr-particle-no wpr-jarallax-no wpr-parallax-no wpr-sticky-section-no e-con e-child\" data-id=\"181c306\" data-element_type=\"container\">\n\t\t<div class=\"elementor-element elementor-element-c062213 e-con-full e-flex wpr-particle-no wpr-jarallax-no wpr-parallax-no wpr-sticky-section-no e-con e-child\" data-id=\"c062213\" data-element_type=\"container\" data-settings=\"{&quot;background_background&quot;:&quot;classic&quot;}\">\n\t\t\t\t<div class=\"elementor-element elementor-element-b4ec7ed elementor-widget elementor-widget-spacer\" data-id=\"b4ec7ed\" data-element_type=\"widget\" data-widget_type=\"spacer.default\">\n\t\t\t\t\t\t\t<div class=\"elementor-spacer\">\n\t\t\t<div class=\"elementor-spacer-inner\"><\/div>\n\t\t<\/div>\n\t\t\t\t\t\t<\/div>\n\t\t\t\t<div class=\"elementor-element elementor-element-60964e2 elementor-widget elementor-widget-heading\" data-id=\"60964e2\" data-element_type=\"widget\" data-widget_type=\"heading.default\">\n\t\t\t\t\t<h2 class=\"elementor-heading-title elementor-size-default\">Wykonano przez \u00a9 Kroon Marketing |  2025<\/h2>\t\t\t\t<\/div>\n\t\t\t\t<div class=\"elementor-element elementor-element-cd458e3 elementor-widget elementor-widget-spacer\" data-id=\"cd458e3\" data-element_type=\"widget\" data-widget_type=\"spacer.default\">\n\t\t\t\t\t\t\t<div class=\"elementor-spacer\">\n\t\t\t<div class=\"elementor-spacer-inner\"><\/div>\n\t\t<\/div>\n\t\t\t\t\t\t<\/div>\n\t\t\t\t<\/div>\n\t\t\t\t<\/div>\n\t\t\t\t<\/div>\n\t\t\t\t<\/div>\n\t\t","protected":false},"excerpt":{"rendered":"<p>Wsp\u00f3\u0142praca buduje warto\u015b\u0107. Biuro Detektywistyczne VeroSafe z przyjemno\u015bci\u0105 nawi\u0105zuje wsp\u00f3\u0142prac\u0119 z nowymi podmiotami, dla kt\u00f3rych liczy si\u0119 profesjonalizm, rzetelno\u015b\u0107 i dyskrecja. Jeste\u015bmy otwarci na kooperacj\u0119 z firmami, instytucjami, specjalistami oraz organizacjami, kt\u00f3re chc\u0105 wzajemnie uzupe\u0142nia\u0107 swoje dzia\u0142ania i podnosi\u0107 jako\u015b\u0107 \u015bwiadczonych us\u0142ug. Wierzymy, \u017ce dobrze dobrani partnerzy to wi\u0119ksza skuteczno\u015b\u0107 i szersze mo\u017cliwo\u015bci wsparcia naszych klient\u00f3w. Nie zwlekaj! Skontaktuj si\u0119 z nami ju\u017c teraz! kontakt -&gt; +48 731 733 073 kontakt@verosafe-detektyw.pl BIURO DETEKTYWISTYCZNE &#8221;VEROSAFE&#8221;ul. Ksi\u0119cia Witolda 49 lok. 1550-202 Wroc\u0142aw Wykonano przez \u00a9 Kroon Marketing | 2025<\/p>\n","protected":false},"author":1,"featured_media":0,"parent":0,"menu_order":0,"comment_status":"closed","ping_status":"closed","template":"","meta":{"footnotes":""},"class_list":["post-356","page","type-page","status-publish","hentry"],"yoast_head":"<!-- This site is optimized with the Yoast SEO plugin v26.4 - https:\/\/yoast.com\/wordpress\/plugins\/seo\/ -->\n<title>Wsp\u00f3\u0142praca - verosafe-detektyw.pl<\/title>\n<meta name=\"robots\" content=\"index, follow, max-snippet:-1, max-image-preview:large, max-video-preview:-1\" \/>\n<link rel=\"canonical\" href=\"https:\/\/verosafe-detektyw.pl\/?page_id=356\" \/>\n<meta property=\"og:locale\" content=\"pl_PL\" \/>\n<meta property=\"og:type\" content=\"article\" \/>\n<meta property=\"og:title\" content=\"Wsp\u00f3\u0142praca - verosafe-detektyw.pl\" \/>\n<meta property=\"og:description\" content=\"Wsp\u00f3\u0142praca buduje warto\u015b\u0107. Biuro Detektywistyczne VeroSafe z przyjemno\u015bci\u0105 nawi\u0105zuje wsp\u00f3\u0142prac\u0119 z nowymi podmiotami, dla kt\u00f3rych liczy si\u0119 profesjonalizm, rzetelno\u015b\u0107 i dyskrecja. Jeste\u015bmy otwarci na kooperacj\u0119 z firmami, instytucjami, specjalistami oraz organizacjami, kt\u00f3re chc\u0105 wzajemnie uzupe\u0142nia\u0107 swoje dzia\u0142ania i podnosi\u0107 jako\u015b\u0107 \u015bwiadczonych us\u0142ug. Wierzymy, \u017ce dobrze dobrani partnerzy to wi\u0119ksza skuteczno\u015b\u0107 i szersze mo\u017cliwo\u015bci wsparcia naszych klient\u00f3w. Nie zwlekaj! Skontaktuj si\u0119 z nami ju\u017c teraz! kontakt -&gt; +48 731 733 073 kontakt@verosafe-detektyw.pl BIURO DETEKTYWISTYCZNE &#8221;VEROSAFE&#8221;ul. Ksi\u0119cia Witolda 49 lok. 1550-202 Wroc\u0142aw Wykonano przez \u00a9 Kroon Marketing | 2025\" \/>\n<meta property=\"og:url\" content=\"https:\/\/verosafe-detektyw.pl\/?page_id=356\" \/>\n<meta property=\"og:site_name\" content=\"verosafe-detektyw.pl\" \/>\n<meta property=\"article:modified_time\" content=\"2025-12-17T15:43:54+00:00\" \/>\n<meta property=\"og:image\" content=\"http:\/\/verosafe-detektyw.pl\/wp-content\/uploads\/2025\/11\/cropped-Gemini_Generated_Image_pr4effpr4effpr4e.jpg\" \/>\n<meta name=\"twitter:card\" content=\"summary_large_image\" \/>\n<script type=\"application\/ld+json\" class=\"yoast-schema-graph\">{\"@context\":\"https:\/\/schema.org\",\"@graph\":[{\"@type\":\"WebPage\",\"@id\":\"https:\/\/verosafe-detektyw.pl\/?page_id=356\",\"url\":\"https:\/\/verosafe-detektyw.pl\/?page_id=356\",\"name\":\"Wsp\u00f3\u0142praca - verosafe-detektyw.pl\",\"isPartOf\":{\"@id\":\"http:\/\/verosafe-detektyw.pl\/#website\"},\"primaryImageOfPage\":{\"@id\":\"https:\/\/verosafe-detektyw.pl\/?page_id=356#primaryimage\"},\"image\":{\"@id\":\"https:\/\/verosafe-detektyw.pl\/?page_id=356#primaryimage\"},\"thumbnailUrl\":\"http:\/\/verosafe-detektyw.pl\/wp-content\/uploads\/2025\/11\/cropped-Gemini_Generated_Image_pr4effpr4effpr4e.jpg\",\"datePublished\":\"2025-12-03T23:15:40+00:00\",\"dateModified\":\"2025-12-17T15:43:54+00:00\",\"breadcrumb\":{\"@id\":\"https:\/\/verosafe-detektyw.pl\/?page_id=356#breadcrumb\"},\"inLanguage\":\"pl-PL\",\"potentialAction\":[{\"@type\":\"ReadAction\",\"target\":[\"https:\/\/verosafe-detektyw.pl\/?page_id=356\"]}]},{\"@type\":\"ImageObject\",\"inLanguage\":\"pl-PL\",\"@id\":\"https:\/\/verosafe-detektyw.pl\/?page_id=356#primaryimage\",\"url\":\"https:\/\/verosafe-detektyw.pl\/wp-content\/uploads\/2025\/11\/cropped-Gemini_Generated_Image_pr4effpr4effpr4e.jpg\",\"contentUrl\":\"https:\/\/verosafe-detektyw.pl\/wp-content\/uploads\/2025\/11\/cropped-Gemini_Generated_Image_pr4effpr4effpr4e.jpg\",\"width\":512,\"height\":512},{\"@type\":\"BreadcrumbList\",\"@id\":\"https:\/\/verosafe-detektyw.pl\/?page_id=356#breadcrumb\",\"itemListElement\":[{\"@type\":\"ListItem\",\"position\":1,\"name\":\"Strona g\u0142\u00f3wna\",\"item\":\"http:\/\/verosafe-detektyw.pl\/\"},{\"@type\":\"ListItem\",\"position\":2,\"name\":\"Wsp\u00f3\u0142praca\"}]},{\"@type\":\"WebSite\",\"@id\":\"http:\/\/verosafe-detektyw.pl\/#website\",\"url\":\"http:\/\/verosafe-detektyw.pl\/\",\"name\":\"verosafe-detektyw.pl\",\"description\":\"\",\"publisher\":{\"@id\":\"http:\/\/verosafe-detektyw.pl\/#organization\"},\"potentialAction\":[{\"@type\":\"SearchAction\",\"target\":{\"@type\":\"EntryPoint\",\"urlTemplate\":\"http:\/\/verosafe-detektyw.pl\/?s={search_term_string}\"},\"query-input\":{\"@type\":\"PropertyValueSpecification\",\"valueRequired\":true,\"valueName\":\"search_term_string\"}}],\"inLanguage\":\"pl-PL\"},{\"@type\":\"Organization\",\"@id\":\"http:\/\/verosafe-detektyw.pl\/#organization\",\"name\":\"verosafe-detektyw.pl\",\"url\":\"http:\/\/verosafe-detektyw.pl\/\",\"logo\":{\"@type\":\"ImageObject\",\"inLanguage\":\"pl-PL\",\"@id\":\"http:\/\/verosafe-detektyw.pl\/#\/schema\/logo\/image\/\",\"url\":\"https:\/\/verosafe-detektyw.pl\/wp-content\/uploads\/2025\/12\/cropped-Vero-Safe___raster.png\",\"contentUrl\":\"https:\/\/verosafe-detektyw.pl\/wp-content\/uploads\/2025\/12\/cropped-Vero-Safe___raster.png\",\"width\":500,\"height\":500,\"caption\":\"verosafe-detektyw.pl\"},\"image\":{\"@id\":\"http:\/\/verosafe-detektyw.pl\/#\/schema\/logo\/image\/\"}}]}<\/script>\n<!-- \/ Yoast SEO plugin. -->","yoast_head_json":{"title":"Wsp\u00f3\u0142praca - verosafe-detektyw.pl","robots":{"index":"index","follow":"follow","max-snippet":"max-snippet:-1","max-image-preview":"max-image-preview:large","max-video-preview":"max-video-preview:-1"},"canonical":"https:\/\/verosafe-detektyw.pl\/?page_id=356","og_locale":"pl_PL","og_type":"article","og_title":"Wsp\u00f3\u0142praca - verosafe-detektyw.pl","og_description":"Wsp\u00f3\u0142praca buduje warto\u015b\u0107. Biuro Detektywistyczne VeroSafe z przyjemno\u015bci\u0105 nawi\u0105zuje wsp\u00f3\u0142prac\u0119 z nowymi podmiotami, dla kt\u00f3rych liczy si\u0119 profesjonalizm, rzetelno\u015b\u0107 i dyskrecja. Jeste\u015bmy otwarci na kooperacj\u0119 z firmami, instytucjami, specjalistami oraz organizacjami, kt\u00f3re chc\u0105 wzajemnie uzupe\u0142nia\u0107 swoje dzia\u0142ania i podnosi\u0107 jako\u015b\u0107 \u015bwiadczonych us\u0142ug. Wierzymy, \u017ce dobrze dobrani partnerzy to wi\u0119ksza skuteczno\u015b\u0107 i szersze mo\u017cliwo\u015bci wsparcia naszych klient\u00f3w. Nie zwlekaj! Skontaktuj si\u0119 z nami ju\u017c teraz! kontakt -&gt; +48 731 733 073 kontakt@verosafe-detektyw.pl BIURO DETEKTYWISTYCZNE &#8221;VEROSAFE&#8221;ul. Ksi\u0119cia Witolda 49 lok. 1550-202 Wroc\u0142aw Wykonano przez \u00a9 Kroon Marketing | 2025","og_url":"https:\/\/verosafe-detektyw.pl\/?page_id=356","og_site_name":"verosafe-detektyw.pl","article_modified_time":"2025-12-17T15:43:54+00:00","og_image":[{"url":"http:\/\/verosafe-detektyw.pl\/wp-content\/uploads\/2025\/11\/cropped-Gemini_Generated_Image_pr4effpr4effpr4e.jpg","type":"","width":"","height":""}],"twitter_card":"summary_large_image","schema":{"@context":"https:\/\/schema.org","@graph":[{"@type":"WebPage","@id":"https:\/\/verosafe-detektyw.pl\/?page_id=356","url":"https:\/\/verosafe-detektyw.pl\/?page_id=356","name":"Wsp\u00f3\u0142praca - verosafe-detektyw.pl","isPartOf":{"@id":"http:\/\/verosafe-detektyw.pl\/#website"},"primaryImageOfPage":{"@id":"https:\/\/verosafe-detektyw.pl\/?page_id=356#primaryimage"},"image":{"@id":"https:\/\/verosafe-detektyw.pl\/?page_id=356#primaryimage"},"thumbnailUrl":"http:\/\/verosafe-detektyw.pl\/wp-content\/uploads\/2025\/11\/cropped-Gemini_Generated_Image_pr4effpr4effpr4e.jpg","datePublished":"2025-12-03T23:15:40+00:00","dateModified":"2025-12-17T15:43:54+00:00","breadcrumb":{"@id":"https:\/\/verosafe-detektyw.pl\/?page_id=356#breadcrumb"},"inLanguage":"pl-PL","potentialAction":[{"@type":"ReadAction","target":["https:\/\/verosafe-detektyw.pl\/?page_id=356"]}]},{"@type":"ImageObject","inLanguage":"pl-PL","@id":"https:\/\/verosafe-detektyw.pl\/?page_id=356#primaryimage","url":"https:\/\/verosafe-detektyw.pl\/wp-content\/uploads\/2025\/11\/cropped-Gemini_Generated_Image_pr4effpr4effpr4e.jpg","contentUrl":"https:\/\/verosafe-detektyw.pl\/wp-content\/uploads\/2025\/11\/cropped-Gemini_Generated_Image_pr4effpr4effpr4e.jpg","width":512,"height":512},{"@type":"BreadcrumbList","@id":"https:\/\/verosafe-detektyw.pl\/?page_id=356#breadcrumb","itemListElement":[{"@type":"ListItem","position":1,"name":"Strona g\u0142\u00f3wna","item":"http:\/\/verosafe-detektyw.pl\/"},{"@type":"ListItem","position":2,"name":"Wsp\u00f3\u0142praca"}]},{"@type":"WebSite","@id":"http:\/\/verosafe-detektyw.pl\/#website","url":"http:\/\/verosafe-detektyw.pl\/","name":"verosafe-detektyw.pl","description":"","publisher":{"@id":"http:\/\/verosafe-detektyw.pl\/#organization"},"potentialAction":[{"@type":"SearchAction","target":{"@type":"EntryPoint","urlTemplate":"http:\/\/verosafe-detektyw.pl\/?s={search_term_string}"},"query-input":{"@type":"PropertyValueSpecification","valueRequired":true,"valueName":"search_term_string"}}],"inLanguage":"pl-PL"},{"@type":"Organization","@id":"http:\/\/verosafe-detektyw.pl\/#organization","name":"verosafe-detektyw.pl","url":"http:\/\/verosafe-detektyw.pl\/","logo":{"@type":"ImageObject","inLanguage":"pl-PL","@id":"http:\/\/verosafe-detektyw.pl\/#\/schema\/logo\/image\/","url":"https:\/\/verosafe-detektyw.pl\/wp-content\/uploads\/2025\/12\/cropped-Vero-Safe___raster.png","contentUrl":"https:\/\/verosafe-detektyw.pl\/wp-content\/uploads\/2025\/12\/cropped-Vero-Safe___raster.png","width":500,"height":500,"caption":"verosafe-detektyw.pl"},"image":{"@id":"http:\/\/verosafe-detektyw.pl\/#\/schema\/logo\/image\/"}}]}},"_links":{"self":[{"href":"https:\/\/verosafe-detektyw.pl\/index.php?rest_route=\/wp\/v2\/pages\/356","targetHints":{"allow":["GET"]}}],"collection":[{"href":"https:\/\/verosafe-detektyw.pl\/index.php?rest_route=\/wp\/v2\/pages"}],"about":[{"href":"https:\/\/verosafe-detektyw.pl\/index.php?rest_route=\/wp\/v2\/types\/page"}],"author":[{"embeddable":true,"href":"https:\/\/verosafe-detektyw.pl\/index.php?rest_route=\/wp\/v2\/users\/1"}],"replies":[{"embeddable":true,"href":"https:\/\/verosafe-detektyw.pl\/index.php?rest_route=%2Fwp%2Fv2%2Fcomments&post=356"}],"version-history":[{"count":17,"href":"https:\/\/verosafe-detektyw.pl\/index.php?rest_route=\/wp\/v2\/pages\/356\/revisions"}],"predecessor-version":[{"id":469,"href":"https:\/\/verosafe-detektyw.pl\/index.php?rest_route=\/wp\/v2\/pages\/356\/revisions\/469"}],"wp:attachment":[{"href":"https:\/\/verosafe-detektyw.pl\/index.php?rest_route=%2Fwp%2Fv2%2Fmedia&parent=356"}],"curies":[{"name":"wp","href":"https:\/\/api.w.org\/{rel}","templated":true}]}}